{"id":27,"date":"2024-02-02T17:10:44","date_gmt":"2024-02-02T17:10:44","guid":{"rendered":"https:\/\/www.stefanricke.com\/projekte\/?page_id=27"},"modified":"2025-12-17T15:05:14","modified_gmt":"2025-12-17T14:05:14","slug":"impressum","status":"publish","type":"page","link":"https:\/\/www.stefanricke.com\/de\/impressum\/","title":{"rendered":"Impressum"},"content":{"rendered":"<p>Die nachfolgenden Angaben gelten auch f\u00fcr unsere sonstigen Internet-Pr\u00e4senzen, z.B. in sozialen Netzwerken.<\/p>\n<p>&nbsp;<\/p>\n<p class=\"bodytext\">Diplom-Designer Stefan Ricke<\/p>\n<p>handelnd unter: <strong>flatworldphoto<br \/>\n<\/strong>Fotoreportage und Rechteverwaltung<strong><br \/>\n<\/strong><br \/>\nKlaustaler Str. 3<\/p>\n<p>D-13187 Berlin<\/p>\n<p>&nbsp;<\/p>\n<p>Tel. 0179 &#8211; 114 68 85<\/p>\n<p>&nbsp;<\/p>\n<p><strong><a href=\"mailto: info@flatworldphoto.com\">info(at)flatworldphoto.com<\/a><\/strong><\/p>\n<p>&nbsp;<\/p>\n<p>Inhaltlich Verantwortlicher:<\/p>\n<p>Stefan Ricke (Anschrift wie oben)<\/p>\n<p>&nbsp;<\/p>\n<p>Umsatzsteueridentifikationsnummer: DE 171846422<\/p>\n<p>&nbsp;<\/p>\n<p>Inhaber von Logo \/ Kennzeichen <strong>flatworldphoto<\/strong> ist Stefan Ricke.<\/p>\n<p><strong>flatworldphoto <\/strong>ist eine beim Deutschen Patent- und Markenamt registrierte und gesch\u00fctzte Marke.<\/p>\n<p class=\"bodytext\">Die auf dieser Website angezeigten Elemente (z.B. Fotos, Slider, Videos, Texte, Grafiken, Datenbanken) unterliegen dem Urheberrecht und anderen Regeln zum Schutz des geistigen Eigentums.<\/p>\n<p>Die \u00dcbernahme und Verwendung in anderen Websites oder Medien ist ohne unsere ausdr\u00fcckliche schriftliche Zustimmung nicht gestattet.<\/p>\n<p class=\"bodytext\">Trotz sorgf\u00e4ltiger inhaltlicher Kontrolle \u00fcbernehmen wir keine Haftung f\u00fcr die Inhalte externer Websites, auf die diese Website direkt oder indirekt verweist. F\u00fcr den Inhalt der verlinkten Seiten sind ausschlie\u00dflich deren Betreiber verantwortlich.<\/p>\n<p>&nbsp;<\/p>\n<p class=\"bodytext\"><strong>Fotograf<\/strong> aller auf dieser Website enthaltenen Fotos: Stefan Ricke<\/p>\n<p><strong>Slidergraf<\/strong> aller auf dieser Website enthaltenen Slider: Stefan Ricke<\/p>\n<p><strong>Videograf<\/strong> aller auf dieser Website enthaltenen Videos: Stefan Ricke<\/p>\n<p>&nbsp;<\/p>\n<p><strong>Copyright \u00a9 Stefan Ricke:\u00a0 alle Inhalte &#8211; alle Rechte &#8211; exklusiv<\/strong><\/p>\n<p>&nbsp;<\/p>\n<p><strong>Weitere Fotoreportagen<\/strong> finden Sie unter <a href=\"https:\/\/www.stefanricke.com\/projekte\/link\/flatworldphoto\/\" target=\"_blank\" rel=\"noopener\"><strong>www.flatworldphoto.com<\/strong><\/a><\/p>\n<p>&nbsp;<\/p>\n","protected":false},"excerpt":{"rendered":"<p>Die nachfolgenden Angaben gelten auch f\u00fcr unsere sonstigen Internet-Pr\u00e4senzen, z.B. in sozialen Netzwerken. &nbsp; Diplom-Designer Stefan Ricke handelnd ...<\/p>","protected":false},"author":2,"featured_media":0,"parent":0,"menu_order":0,"comment_status":"closed","ping_status":"closed","template":"","meta":{"footnotes":""},"class_list":["post-27","page","type-page","status-publish","hentry"],"yoast_head":"<!-- This site is optimized with the Yoast SEO plugin v21.9.1 - https:\/\/yoast.com\/wordpress\/plugins\/seo\/ -->\n<title>Impressum - Stefan Ricke<\/title>\n<meta name=\"robots\" content=\"index, follow, max-snippet:-1, max-image-preview:large, max-video-preview:-1\" \/>\n<link rel=\"canonical\" href=\"https:\/\/www.stefanricke.com\/de\/impressum\/\" \/>\n<meta property=\"og:locale\" content=\"de_DE\" \/>\n<meta property=\"og:type\" content=\"article\" \/>\n<meta property=\"og:title\" content=\"Impressum - Stefan Ricke\" \/>\n<meta property=\"og:description\" content=\"Die nachfolgenden Angaben gelten auch f\u00fcr unsere sonstigen Internet-Pr\u00e4senzen, z.B. in sozialen Netzwerken. &nbsp; Diplom-Designer Stefan Ricke handelnd unter: flatworldphoto Fotoreportage und Rechteverwaltung Klaustaler Str. 3 D-13187 Berlin &nbsp; Tel. 0179 &#8211; 114 68 85 &nbsp; info(at)flatworldphoto.com &nbsp; Inhaltlich Verantwortlicher: Stefan Ricke (Anschrift wie oben) &nbsp; Umsatzsteueridentifikationsnummer: DE 171846422 &nbsp; Inhaber von Logo \/ Kennzeichen [&hellip;]\" \/>\n<meta property=\"og:url\" content=\"https:\/\/www.stefanricke.com\/de\/impressum\/\" \/>\n<meta property=\"og:site_name\" content=\"Stefan Ricke\" \/>\n<meta property=\"article:modified_time\" content=\"2025-12-17T14:05:14+00:00\" \/>\n<meta name=\"twitter:card\" content=\"summary_large_image\" \/>\n<meta name=\"twitter:label1\" content=\"Gesch\u00e4tzte Lesezeit\" \/>\n\t<meta name=\"twitter:data1\" content=\"1\u00a0Minute\" \/>\n<script type=\"application\/ld+json\" class=\"yoast-schema-graph\">{\"@context\":\"https:\/\/schema.org\",\"@graph\":[{\"@type\":\"WebPage\",\"@id\":\"https:\/\/www.stefanricke.com\/de\/impressum\/\",\"url\":\"https:\/\/www.stefanricke.com\/de\/impressum\/\",\"name\":\"Impressum - Stefan Ricke\",\"isPartOf\":{\"@id\":\"https:\/\/www.stefanricke.com\/de\/#website\"},\"datePublished\":\"2024-02-02T17:10:44+00:00\",\"dateModified\":\"2025-12-17T14:05:14+00:00\",\"breadcrumb\":{\"@id\":\"https:\/\/www.stefanricke.com\/de\/impressum\/#breadcrumb\"},\"inLanguage\":\"de\",\"potentialAction\":[{\"@type\":\"ReadAction\",\"target\":[\"https:\/\/www.stefanricke.com\/de\/impressum\/\"]}]},{\"@type\":\"BreadcrumbList\",\"@id\":\"https:\/\/www.stefanricke.com\/de\/impressum\/#breadcrumb\",\"itemListElement\":[{\"@type\":\"ListItem\",\"position\":1,\"name\":\"Startseite\",\"item\":\"https:\/\/www.stefanricke.com\/de\/\"},{\"@type\":\"ListItem\",\"position\":2,\"name\":\"Impressum\"}]},{\"@type\":\"WebSite\",\"@id\":\"https:\/\/www.stefanricke.com\/de\/#website\",\"url\":\"https:\/\/www.stefanricke.com\/de\/\",\"name\":\"Stefan Ricke\",\"description\":\"Fotoreportage\",\"potentialAction\":[{\"@type\":\"SearchAction\",\"target\":{\"@type\":\"EntryPoint\",\"urlTemplate\":\"https:\/\/www.stefanricke.com\/de\/?s={search_term_string}\"},\"query-input\":\"required name=search_term_string\"}],\"inLanguage\":\"de\"}]}<\/script>\n<!-- \/ Yoast SEO plugin. -->","yoast_head_json":{"title":"Impressum - Stefan Ricke","robots":{"index":"index","follow":"follow","max-snippet":"max-snippet:-1","max-image-preview":"max-image-preview:large","max-video-preview":"max-video-preview:-1"},"canonical":"https:\/\/www.stefanricke.com\/de\/impressum\/","og_locale":"de_DE","og_type":"article","og_title":"Impressum - Stefan Ricke","og_description":"Die nachfolgenden Angaben gelten auch f\u00fcr unsere sonstigen Internet-Pr\u00e4senzen, z.B. in sozialen Netzwerken. &nbsp; Diplom-Designer Stefan Ricke handelnd unter: flatworldphoto Fotoreportage und Rechteverwaltung Klaustaler Str. 3 D-13187 Berlin &nbsp; Tel. 0179 &#8211; 114 68 85 &nbsp; info(at)flatworldphoto.com &nbsp; Inhaltlich Verantwortlicher: Stefan Ricke (Anschrift wie oben) &nbsp; Umsatzsteueridentifikationsnummer: DE 171846422 &nbsp; Inhaber von Logo \/ Kennzeichen [&hellip;]","og_url":"https:\/\/www.stefanricke.com\/de\/impressum\/","og_site_name":"Stefan Ricke","article_modified_time":"2025-12-17T14:05:14+00:00","twitter_card":"summary_large_image","twitter_misc":{"Gesch\u00e4tzte Lesezeit":"1\u00a0Minute"},"schema":{"@context":"https:\/\/schema.org","@graph":[{"@type":"WebPage","@id":"https:\/\/www.stefanricke.com\/de\/impressum\/","url":"https:\/\/www.stefanricke.com\/de\/impressum\/","name":"Impressum - Stefan Ricke","isPartOf":{"@id":"https:\/\/www.stefanricke.com\/de\/#website"},"datePublished":"2024-02-02T17:10:44+00:00","dateModified":"2025-12-17T14:05:14+00:00","breadcrumb":{"@id":"https:\/\/www.stefanricke.com\/de\/impressum\/#breadcrumb"},"inLanguage":"de","potentialAction":[{"@type":"ReadAction","target":["https:\/\/www.stefanricke.com\/de\/impressum\/"]}]},{"@type":"BreadcrumbList","@id":"https:\/\/www.stefanricke.com\/de\/impressum\/#breadcrumb","itemListElement":[{"@type":"ListItem","position":1,"name":"Startseite","item":"https:\/\/www.stefanricke.com\/de\/"},{"@type":"ListItem","position":2,"name":"Impressum"}]},{"@type":"WebSite","@id":"https:\/\/www.stefanricke.com\/de\/#website","url":"https:\/\/www.stefanricke.com\/de\/","name":"Stefan Ricke","description":"Fotoreportage","potentialAction":[{"@type":"SearchAction","target":{"@type":"EntryPoint","urlTemplate":"https:\/\/www.stefanricke.com\/de\/?s={search_term_string}"},"query-input":"required name=search_term_string"}],"inLanguage":"de"}]}},"_links":{"self":[{"href":"https:\/\/www.stefanricke.com\/de\/wp-json\/wp\/v2\/pages\/27","targetHints":{"allow":["GET"]}}],"collection":[{"href":"https:\/\/www.stefanricke.com\/de\/wp-json\/wp\/v2\/pages"}],"about":[{"href":"https:\/\/www.stefanricke.com\/de\/wp-json\/wp\/v2\/types\/page"}],"author":[{"embeddable":true,"href":"https:\/\/www.stefanricke.com\/de\/wp-json\/wp\/v2\/users\/2"}],"replies":[{"embeddable":true,"href":"https:\/\/www.stefanricke.com\/de\/wp-json\/wp\/v2\/comments?post=27"}],"version-history":[{"count":7,"href":"https:\/\/www.stefanricke.com\/de\/wp-json\/wp\/v2\/pages\/27\/revisions"}],"predecessor-version":[{"id":122,"href":"https:\/\/www.stefanricke.com\/de\/wp-json\/wp\/v2\/pages\/27\/revisions\/122"}],"wp:attachment":[{"href":"https:\/\/www.stefanricke.com\/de\/wp-json\/wp\/v2\/media?parent=27"}],"curies":[{"name":"wp","href":"https:\/\/api.w.org\/{rel}","templated":true}]}}